{"id":222,"date":"2023-12-11T09:41:44","date_gmt":"2023-12-11T08:41:44","guid":{"rendered":"https:\/\/zbe.tarragona.cat\/?page_id=222"},"modified":"2025-10-23T15:19:18","modified_gmt":"2025-10-23T13:19:18","slug":"vehiculos-afectados","status":"publish","type":"page","link":"https:\/\/zbe.tarragona.cat\/es\/vehiculos-afectados\/","title":{"rendered":"Veh\u00edculos afectados"},"content":{"rendered":"\t\t<div data-elementor-type=\"wp-page\" data-elementor-id=\"222\" class=\"elementor elementor-222\" data-elementor-post-type=\"page\">\n\t\t\t\t<div class=\"elementor-element elementor-element-c4ab114 e-flex e-con-boxed e-con e-parent\" data-id=\"c4ab114\" data-element_type=\"container\" data-e-type=\"container\">\n\t\t\t\t\t<div class=\"e-con-inner\">\n\t\t\t\t<div class=\"elementor-element elementor-element-52ce728 exad-sticky-section-no exad-glass-effect-no elementor-widget elementor-widget-text-editor\" data-id=\"52ce728\" data-element_type=\"widget\" data-e-type=\"widget\" data-widget_type=\"text-editor.default\">\n\t\t\t\t<div class=\"elementor-widget-container\">\n\t\t\t\t\t\t\t\t\t<p>Con el objetivo de velar por la calidad del aire y la salud p\u00fablica se restringe permanentemente la circulaci\u00f3n en la zona de bajas emisiones (ZBE) de todos los veh\u00edculos a los que no les correponde el distintivo ambiental de la DGT. Por lo tanto, en el \u00e1rea afectada por la zona de bajas emisiones no podr\u00e1n circular los veh\u00edculos m\u00e1s contaminantes.<\/p>\t\t\t\t\t\t\t\t<\/div>\n\t\t\t\t<\/div>\n\t\t\t\t\t<\/div>\n\t\t\t\t<\/div>\n\t\t<div class=\"elementor-element elementor-element-32dd97e e-flex e-con-boxed e-con e-parent\" data-id=\"32dd97e\" data-element_type=\"container\" data-e-type=\"container\">\n\t\t\t\t\t<div class=\"e-con-inner\">\n\t\t\t\t<div class=\"elementor-element elementor-element-add1b23 exad-sticky-section-no exad-glass-effect-no elementor-widget elementor-widget-text-editor\" data-id=\"add1b23\" data-element_type=\"widget\" data-e-type=\"widget\" data-widget_type=\"text-editor.default\">\n\t\t\t\t<div class=\"elementor-widget-container\">\n\t\t\t\t\t\t\t\t\t<p>Compruebe si es necesario registrar su veh\u00edculo en la zona de bajas emisiones.<\/p>\t\t\t\t\t\t\t\t<\/div>\n\t\t\t\t<\/div>\n\t\t\t\t<div class=\"elementor-element elementor-element-23d1318 exad-sticky-section-no exad-glass-effect-no elementor-widget elementor-widget-shortcode\" data-id=\"23d1318\" data-element_type=\"widget\" data-e-type=\"widget\" data-widget_type=\"shortcode.default\">\n\t\t\t\t<div class=\"elementor-widget-container\">\n\t\t\t\t\t\t\t<div class=\"elementor-shortcode\"><form class=\"elementor-form\" method=\"post\">\n    <input type=\"hidden\" id=\"g-recaptcha-response\" name=\"g-recaptcha-response\">\n    <input type=\"hidden\" name=\"action\" value=\"validate_captcha\">\n    <div class=\"elementor-form-fields-wrapper elementor-labels-above\">\n        <div class=\"elementor-field-type-text elementor-field-group elementor-column elementor-field-group-plate elementor-col-25 elementor-field-required elementor-mark-required\">\n            <input size=\"1\" type=\"text\" name=\"plate\" id=\"form-field-plate\" class=\"elementor-field elementor-size-md  elementor-field-textual\" placeholder=\"Matr\u00edcula\" required maxlength=\"32\" value=\"\">\n        <\/div>\n        <div class=\"elementor-field-group elementor-column elementor-field-type-submit elementor-col-100 e-form__buttons\" style=\"margin-top: 20px\">\n            <button type=\"submit\" class=\"elementor-button elementor-size-md\" name=\"check_plate\">Comprobar<\/button>\n        <\/div>\n    <\/div>\n<\/form>\n\n<div style=\"margin-top:20px\"><\/div>\n<\/div>\n\t\t\t\t\t\t<\/div>\n\t\t\t\t<\/div>\n\t\t\t\t\t<\/div>\n\t\t\t\t<\/div>\n\t\t\t\t<\/div>\n\t\t","protected":false},"excerpt":{"rendered":"<p>Con el objetivo de velar por la calidad del aire y la salud p\u00fablica se restringe permanentemente la circulaci\u00f3n en la zona de bajas emisiones (ZBE) de todos los veh\u00edculos a los que no les correponde el distintivo ambiental de la DGT. Por lo tanto, en el \u00e1rea afectada por la zona de bajas emisiones [&hellip;]<\/p>\n","protected":false},"author":1,"featured_media":0,"parent":0,"menu_order":0,"comment_status":"closed","ping_status":"closed","template":"elementor_header_footer","meta":{"footnotes":""},"class_list":["post-222","page","type-page","status-publish","hentry"],"_links":{"self":[{"href":"https:\/\/zbe.tarragona.cat\/es\/wp-json\/wp\/v2\/pages\/222","targetHints":{"allow":["GET"]}}],"collection":[{"href":"https:\/\/zbe.tarragona.cat\/es\/wp-json\/wp\/v2\/pages"}],"about":[{"href":"https:\/\/zbe.tarragona.cat\/es\/wp-json\/wp\/v2\/types\/page"}],"author":[{"embeddable":true,"href":"https:\/\/zbe.tarragona.cat\/es\/wp-json\/wp\/v2\/users\/1"}],"replies":[{"embeddable":true,"href":"https:\/\/zbe.tarragona.cat\/es\/wp-json\/wp\/v2\/comments?post=222"}],"version-history":[{"count":117,"href":"https:\/\/zbe.tarragona.cat\/es\/wp-json\/wp\/v2\/pages\/222\/revisions"}],"predecessor-version":[{"id":1425,"href":"https:\/\/zbe.tarragona.cat\/es\/wp-json\/wp\/v2\/pages\/222\/revisions\/1425"}],"wp:attachment":[{"href":"https:\/\/zbe.tarragona.cat\/es\/wp-json\/wp\/v2\/media?parent=222"}],"curies":[{"name":"wp","href":"https:\/\/api.w.org\/{rel}","templated":true}]}}