{"id":536,"date":"2024-03-08T12:38:25","date_gmt":"2024-03-08T11:38:25","guid":{"rendered":"https:\/\/zbe.tarragona.cat\/?page_id=536"},"modified":"2025-12-03T16:15:01","modified_gmt":"2025-12-03T15:15:01","slug":"la-zbe","status":"publish","type":"page","link":"https:\/\/zbe.tarragona.cat\/es\/la-zbe\/","title":{"rendered":"La ZBE"},"content":{"rendered":"\t\t<div data-elementor-type=\"wp-page\" data-elementor-id=\"536\" class=\"elementor elementor-536\" data-elementor-post-type=\"page\">\n\t\t\t\t<div class=\"elementor-element elementor-element-7249314 e-flex e-con-boxed e-con e-parent\" data-id=\"7249314\" data-element_type=\"container\" data-e-type=\"container\">\n\t\t\t\t\t<div class=\"e-con-inner\">\n\t\t\t\t<div class=\"elementor-element elementor-element-aca8df1 exad-sticky-section-no exad-glass-effect-no elementor-widget elementor-widget-text-editor\" data-id=\"aca8df1\" data-element_type=\"widget\" data-e-type=\"widget\" data-widget_type=\"text-editor.default\">\n\t\t\t\t<div class=\"elementor-widget-container\">\n\t\t\t\t\t\t\t\t\t<p>La ZBE de Tarragona se aplicar\u00e1 <strong>a partir del 31 de diciembre de 2025<\/strong>, los <strong>d\u00edas laborables, de 7 a 19 h<\/strong>, e incluye las calles dentro del per\u00edmetro formado por: avenida Vidal y Barraquer, avenida Argentina, avenida Catalu\u00f1a, calle Reina M. Cristina, paseo Torroja, paseo Sant Antoni, vial Sant Antoni, vial de Costa. Las v\u00edas perimetrales carecen de restricciones.<\/p>\t\t\t\t\t\t\t\t<\/div>\n\t\t\t\t<\/div>\n\t\t\t\t<div class=\"elementor-element elementor-element-4b0d71c exad-sticky-section-no exad-glass-effect-no elementor-widget elementor-widget-image\" data-id=\"4b0d71c\" data-element_type=\"widget\" data-e-type=\"widget\" data-widget_type=\"image.default\">\n\t\t\t\t<div class=\"elementor-widget-container\">\n\t\t\t\t\t\t\t\t\t\t\t\t\t\t\t<img fetchpriority=\"high\" decoding=\"async\" width=\"1920\" height=\"1080\" src=\"https:\/\/zbe.tarragona.cat\/wp-content\/uploads\/2025\/12\/zbe-map.jpg\" class=\"attachment-full size-full wp-image-2042\" alt=\"\" srcset=\"https:\/\/zbe.tarragona.cat\/wp-content\/uploads\/2025\/12\/zbe-map.jpg 1920w, https:\/\/zbe.tarragona.cat\/wp-content\/uploads\/2025\/12\/zbe-map-300x169.jpg 300w, https:\/\/zbe.tarragona.cat\/wp-content\/uploads\/2025\/12\/zbe-map-1024x576.jpg 1024w, https:\/\/zbe.tarragona.cat\/wp-content\/uploads\/2025\/12\/zbe-map-768x432.jpg 768w, https:\/\/zbe.tarragona.cat\/wp-content\/uploads\/2025\/12\/zbe-map-1536x864.jpg 1536w\" sizes=\"(max-width: 1920px) 100vw, 1920px\" \/>\t\t\t\t\t\t\t\t\t\t\t\t\t\t\t<\/div>\n\t\t\t\t<\/div>\n\t\t\t\t<div class=\"elementor-element elementor-element-1f1d958 exad-sticky-section-no exad-glass-effect-no elementor-widget elementor-widget-n-accordion\" data-id=\"1f1d958\" data-element_type=\"widget\" data-e-type=\"widget\" data-settings=\"{&quot;default_state&quot;:&quot;expanded&quot;,&quot;max_items_expended&quot;:&quot;one&quot;,&quot;n_accordion_animation_duration&quot;:{&quot;unit&quot;:&quot;ms&quot;,&quot;size&quot;:400,&quot;sizes&quot;:[]}}\" data-widget_type=\"nested-accordion.default\">\n\t\t\t\t<div class=\"elementor-widget-container\">\n\t\t\t\t\t\t\t<div class=\"e-n-accordion\" aria-label=\"Accordion. Open links with Enter or Space, close with Escape, and navigate with Arrow Keys\">\n\t\t\t\t\t\t<details id=\"e-n-accordion-item-3260\" class=\"e-n-accordion-item\" open>\n\t\t\t\t<summary class=\"e-n-accordion-item-title\" data-accordion-index=\"1\" tabindex=\"0\" aria-expanded=\"true\" aria-controls=\"e-n-accordion-item-3260\" >\n\t\t\t\t\t<span class='e-n-accordion-item-title-header'><div class=\"e-n-accordion-item-title-text\"> ANTECEDENTES <\/div><\/span>\n\t\t\t\t\t\t\t<span class='e-n-accordion-item-title-icon'>\n\t\t\t<span class='e-opened' ><i aria-hidden=\"true\" class=\"remixicon ri-arrow-down-s-line\"><\/i><\/span>\n\t\t\t<span class='e-closed'><i aria-hidden=\"true\" class=\"remixicon ri-arrow-up-s-line\"><\/i><\/span>\n\t\t<\/span>\n\n\t\t\t\t\t\t<\/summary>\n\t\t\t\t<div role=\"region\" aria-labelledby=\"e-n-accordion-item-3260\" class=\"elementor-element elementor-element-7cc0d2e e-con-full e-flex e-con e-child\" data-id=\"7cc0d2e\" data-element_type=\"container\" data-e-type=\"container\">\n\t\t\t\t<div class=\"elementor-element elementor-element-5694ea6 exad-sticky-section-no exad-glass-effect-no elementor-widget elementor-widget-text-editor\" data-id=\"5694ea6\" data-element_type=\"widget\" data-e-type=\"widget\" data-widget_type=\"text-editor.default\">\n\t\t\t\t<div class=\"elementor-widget-container\">\n\t\t\t\t\t\t\t\t\t<p>La Ley 7\/2021, de 20 de mayo, de cambio clim\u00e1tico y transici\u00f3n energ\u00e9tica -que da respuesta a los compromisos de la Uni\u00f3n Europea- obliga a reducir las emisiones de gases de efecto invernadero. Los municipios de m\u00e1s de 50.000 habitantes, como en el caso de Tarragona, deben adoptar un Plan de Movilidad Urbana y Sostenible con medidas para reducir las emisiones, entre ellas el establecimiento de zonas de bajas emisiones.<\/p>\t\t\t\t\t\t\t\t<\/div>\n\t\t\t\t<\/div>\n\t\t\t\t<\/div>\n\t\t\t\t\t<\/details>\n\t\t\t\t\t\t<details id=\"e-n-accordion-item-3261\" class=\"e-n-accordion-item\" >\n\t\t\t\t<summary class=\"e-n-accordion-item-title\" data-accordion-index=\"2\" tabindex=\"-1\" aria-expanded=\"false\" aria-controls=\"e-n-accordion-item-3261\" >\n\t\t\t\t\t<span class='e-n-accordion-item-title-header'><div class=\"e-n-accordion-item-title-text\"> \u00bfQU\u00c9 ENTENDEMOS POR ZBE? <\/div><\/span>\n\t\t\t\t\t\t\t<span class='e-n-accordion-item-title-icon'>\n\t\t\t<span class='e-opened' ><i aria-hidden=\"true\" class=\"remixicon ri-arrow-down-s-line\"><\/i><\/span>\n\t\t\t<span class='e-closed'><i aria-hidden=\"true\" class=\"remixicon ri-arrow-up-s-line\"><\/i><\/span>\n\t\t<\/span>\n\n\t\t\t\t\t\t<\/summary>\n\t\t\t\t<div role=\"region\" aria-labelledby=\"e-n-accordion-item-3261\" class=\"elementor-element elementor-element-b383c7a e-con-full e-flex e-con e-child\" data-id=\"b383c7a\" data-element_type=\"container\" data-e-type=\"container\">\n\t\t\t\t<div class=\"elementor-element elementor-element-d5b9e6a exad-sticky-section-no exad-glass-effect-no elementor-widget elementor-widget-text-editor\" data-id=\"d5b9e6a\" data-element_type=\"widget\" data-e-type=\"widget\" data-widget_type=\"text-editor.default\">\n\t\t\t\t<div class=\"elementor-widget-container\">\n\t\t\t\t\t\t\t\t\t<p>Una zona de bajas emisiones (ZBE) es un espacio en el que se aplican restricciones a los veh\u00edculos en funci\u00f3n de lo que contaminan con el objetivo de mejorar la calidad del aire, para cumplir con la normativa vigente.<\/p>\t\t\t\t\t\t\t\t<\/div>\n\t\t\t\t<\/div>\n\t\t\t\t<\/div>\n\t\t\t\t\t<\/details>\n\t\t\t\t\t\t<details id=\"e-n-accordion-item-3262\" class=\"e-n-accordion-item\" >\n\t\t\t\t<summary class=\"e-n-accordion-item-title\" data-accordion-index=\"3\" tabindex=\"-1\" aria-expanded=\"false\" aria-controls=\"e-n-accordion-item-3262\" >\n\t\t\t\t\t<span class='e-n-accordion-item-title-header'><div class=\"e-n-accordion-item-title-text\"> \u00bfQU\u00c9 CONSEGUIMOS CON LA ZBE? <\/div><\/span>\n\t\t\t\t\t\t\t<span class='e-n-accordion-item-title-icon'>\n\t\t\t<span class='e-opened' ><i aria-hidden=\"true\" class=\"remixicon ri-arrow-down-s-line\"><\/i><\/span>\n\t\t\t<span class='e-closed'><i aria-hidden=\"true\" class=\"remixicon ri-arrow-up-s-line\"><\/i><\/span>\n\t\t<\/span>\n\n\t\t\t\t\t\t<\/summary>\n\t\t\t\t<div role=\"region\" aria-labelledby=\"e-n-accordion-item-3262\" class=\"elementor-element elementor-element-e950584 e-con-full e-flex e-con e-child\" data-id=\"e950584\" data-element_type=\"container\" data-e-type=\"container\">\n\t\t\t\t<div class=\"elementor-element elementor-element-f6daa8d exad-sticky-section-no exad-glass-effect-no elementor-widget elementor-widget-text-editor\" data-id=\"f6daa8d\" data-element_type=\"widget\" data-e-type=\"widget\" data-widget_type=\"text-editor.default\">\n\t\t\t\t<div class=\"elementor-widget-container\">\n\t\t\t\t\t\t\t\t\t<ol><li><strong>Mejorar la calidad del aire y la salud de la ciudadan\u00eda:<\/strong> Reducir las emisiones de contaminantes atmosf\u00e9ricos y el ruido generado por los veh\u00edculos para alcanzar las recomendaciones de la Organizaci\u00f3n Mundial de la Salud (OMS) y cumplir con los l\u00edmites establecidos por la normativa vigente.<\/li><li><strong>Contribuir a la lucha contra el cambio clim\u00e1tico:<\/strong> Disminuir las emisiones de gases de efecto invernadero, de acuerdo con los objetivos marcados por el Plan Nacional Integrado de Energ\u00eda y Clima (PNIEC).<\/li><li><strong>Fomentar un cambio hacia una movilidad m\u00e1s sostenible:<\/strong> promover los desplazamientos a pie, en bicicleta o en transporte p\u00fablico, estableciendo objetivos cuantificables y favoreciendo la recuperaci\u00f3n del espacio p\u00fablico para las personas.<\/li><li><strong>Impulsar la eficiencia energ\u00e9tica en el transporte:<\/strong> Potenciar un uso m\u00e1s eficiente de los veh\u00edculos y avanzar hacia su electrificaci\u00f3n, con resultados mensurables y demostrables.<\/li><\/ol>\t\t\t\t\t\t\t\t<\/div>\n\t\t\t\t<\/div>\n\t\t\t\t<\/div>\n\t\t\t\t\t<\/details>\n\t\t\t\t\t\t<details id=\"e-n-accordion-item-3263\" class=\"e-n-accordion-item\" >\n\t\t\t\t<summary class=\"e-n-accordion-item-title\" data-accordion-index=\"4\" tabindex=\"-1\" aria-expanded=\"false\" aria-controls=\"e-n-accordion-item-3263\" >\n\t\t\t\t\t<span class='e-n-accordion-item-title-header'><div class=\"e-n-accordion-item-title-text\"> \u00bfC\u00d3MO ME AFECTA? <\/div><\/span>\n\t\t\t\t\t\t\t<span class='e-n-accordion-item-title-icon'>\n\t\t\t<span class='e-opened' ><i aria-hidden=\"true\" class=\"remixicon ri-arrow-down-s-line\"><\/i><\/span>\n\t\t\t<span class='e-closed'><i aria-hidden=\"true\" class=\"remixicon ri-arrow-up-s-line\"><\/i><\/span>\n\t\t<\/span>\n\n\t\t\t\t\t\t<\/summary>\n\t\t\t\t<div role=\"region\" aria-labelledby=\"e-n-accordion-item-3263\" class=\"elementor-element elementor-element-c05774c e-flex e-con-boxed e-con e-child\" data-id=\"c05774c\" data-element_type=\"container\" data-e-type=\"container\">\n\t\t\t\t\t<div class=\"e-con-inner\">\n\t\t\t\t<div class=\"elementor-element elementor-element-acec93c exad-sticky-section-no exad-glass-effect-no elementor-widget elementor-widget-text-editor\" data-id=\"acec93c\" data-element_type=\"widget\" data-e-type=\"widget\" data-widget_type=\"text-editor.default\">\n\t\t\t\t<div class=\"elementor-widget-container\">\n\t\t\t\t\t\t\t\t\t<p>No todos los veh\u00edculos contaminan igual. Por eso, la Direcci\u00f3n General de Tr\u00e1fico (DGT) ha creado una clasificaci\u00f3n ambiental para identificar los veh\u00edculos m\u00e1s respetuosos con el medio ambiente.<\/p><p>Hay cinco categor\u00edas, ordenadas de menos a m\u00e1s contaminantes:<\/p><ul><li><strong>Cero emisiones:<\/strong> Veh\u00edculos 100% el\u00e9ctricos, h\u00edbridos enchufables con m\u00e1s de 40 km de autonom\u00eda o de pila de combustible. Son los m\u00e1s limpios y eficientes.<\/li><li><strong>ECO:<\/strong> Veh\u00edculos h\u00edbridos enchufables con menos de 40 km de autonom\u00eda, h\u00edbridos no enchufables o de gas (GNC, GNL o GLP). Tienen emisiones muy reducidas.<\/li><li><strong>C:<\/strong> Turismos y furgonetas ligeras de gasolina matriculados a partir de enero de 2006 o di\u00e9sel a partir de septiembre de 2015. Cumplen las normativas europeas m\u00e1s recientes.<\/li><li><strong>B:<\/strong> Turismos y furgonetas ligeras de gasolina matriculados desde enero de 2001 o di\u00e9sel a partir de 2006. Contaminan m\u00e1s que los anteriores, pero menos que los sin etiqueta.<\/li><li><strong>Sin etiqueta:<\/strong> Veh\u00edculos m\u00e1s antiguos y contaminantes. No pueden circular por la Zona de Bajas Emisiones, salvo si disponen de alguna de las autorizaciones previstas .<\/li><\/ul>\t\t\t\t\t\t\t\t<\/div>\n\t\t\t\t<\/div>\n\t\t\t\t\t<\/div>\n\t\t\t\t<\/div>\n\t\t\t\t\t<\/details>\n\t\t\t\t\t<\/div>\n\t\t\t\t\t\t<\/div>\n\t\t\t\t<\/div>\n\t\t\t\t\t<\/div>\n\t\t\t\t<\/div>\n\t\t\t\t<\/div>\n\t\t","protected":false},"excerpt":{"rendered":"<p>La ZBE de Tarragona se aplicar\u00e1 a partir del 31 de diciembre de 2025, los d\u00edas laborables, de 7 a 19 h, e incluye las calles dentro del per\u00edmetro formado por: avenida Vidal y Barraquer, avenida Argentina, avenida Catalu\u00f1a, calle Reina M. Cristina, paseo Torroja, paseo Sant Antoni, vial Sant Antoni, vial de Costa. Las [&hellip;]<\/p>\n","protected":false},"author":1,"featured_media":0,"parent":0,"menu_order":0,"comment_status":"closed","ping_status":"closed","template":"","meta":{"footnotes":""},"class_list":["post-536","page","type-page","status-publish","hentry"],"_links":{"self":[{"href":"https:\/\/zbe.tarragona.cat\/es\/wp-json\/wp\/v2\/pages\/536","targetHints":{"allow":["GET"]}}],"collection":[{"href":"https:\/\/zbe.tarragona.cat\/es\/wp-json\/wp\/v2\/pages"}],"about":[{"href":"https:\/\/zbe.tarragona.cat\/es\/wp-json\/wp\/v2\/types\/page"}],"author":[{"embeddable":true,"href":"https:\/\/zbe.tarragona.cat\/es\/wp-json\/wp\/v2\/users\/1"}],"replies":[{"embeddable":true,"href":"https:\/\/zbe.tarragona.cat\/es\/wp-json\/wp\/v2\/comments?post=536"}],"version-history":[{"count":34,"href":"https:\/\/zbe.tarragona.cat\/es\/wp-json\/wp\/v2\/pages\/536\/revisions"}],"predecessor-version":[{"id":2051,"href":"https:\/\/zbe.tarragona.cat\/es\/wp-json\/wp\/v2\/pages\/536\/revisions\/2051"}],"wp:attachment":[{"href":"https:\/\/zbe.tarragona.cat\/es\/wp-json\/wp\/v2\/media?parent=536"}],"curies":[{"name":"wp","href":"https:\/\/api.w.org\/{rel}","templated":true}]}}