{"id":674,"date":"2024-03-11T22:44:56","date_gmt":"2024-03-11T21:44:56","guid":{"rendered":"https:\/\/zbe.tarragona.cat\/?page_id=674"},"modified":"2025-10-23T13:00:11","modified_gmt":"2025-10-23T11:00:11","slug":"aviso-legal","status":"publish","type":"page","link":"https:\/\/zbe.tarragona.cat\/es\/aviso-legal\/","title":{"rendered":"Aviso legal"},"content":{"rendered":"\t\t<div data-elementor-type=\"wp-page\" data-elementor-id=\"674\" class=\"elementor elementor-674\" data-elementor-post-type=\"page\">\n\t\t\t\t<div class=\"elementor-element elementor-element-01a741f e-flex e-con-boxed e-con e-parent\" data-id=\"01a741f\" data-element_type=\"container\" data-e-type=\"container\">\n\t\t\t\t\t<div class=\"e-con-inner\">\n\t\t\t\t<div class=\"elementor-element elementor-element-200c0c1 exad-sticky-section-no exad-glass-effect-no elementor-widget elementor-widget-text-editor\" data-id=\"200c0c1\" data-element_type=\"widget\" data-e-type=\"widget\" data-widget_type=\"text-editor.default\">\n\t\t\t\t<div class=\"elementor-widget-container\">\n\t\t\t\t\t\t\t\t\t<div class=\"i4t-include-wrapper-h2\" role=\"region\" aria-labelledby=\"i4t-id-z69047jjz\" data-insuit-uuid=\"f412dd78-f397-48ba-b5f6-cdc441500c2f\"><h3 id=\"i4t-id-z69047jjz\" class=\"wrapper-h2-0 i4t-reference-include\"><span dir=\"auto\">TITULARIDAD DEL SITIO WEB<\/span><\/h3><p><span dir=\"auto\">El propietario del presente sitio web es el Ayuntamiento de Tarragona:<\/span><\/p><p><span dir=\"auto\">CIF P4315000B<\/span><br \/><span dir=\"auto\">Domicilio: Plaza de la Font, 43003 Tarragona<\/span><br \/><span dir=\"auto\">Tel. 977296100<\/span><br \/><span dir=\"auto\">Fax. 977296118<\/span><br \/><span dir=\"auto\">E-mail:\u00a0<\/span><a href=\"mailto:ajuntament@tarragona.cat\" data-insuit-uuid=\"487b58e1-29a2-4ddb-bcd8-0cdddba19a4d\"><span dir=\"auto\">ayuntamiento@tarragona.cat<\/span><\/a><\/p><p><span dir=\"auto\">Desde este sitio web, el usuario puede tener acceso a los servicios del Patronato Municipal de Turismo de Tarragona, Patronato Municipal de Deportes de Tarragona e Instituto Municipal de Servicios Sociales de Tarragona.\u00a0<\/span><strong><span dir=\"auto\">La entidad que entrega el servicio est\u00e1 identificada en cada caso<\/span><\/strong><span dir=\"auto\">\u00a0.<\/span><\/p><\/div><div class=\"i4t-include-wrapper-h3\" role=\"region\" aria-labelledby=\"i4t-id-wu57l0l5e\" data-insuit-uuid=\"32ff57f3-a3f5-4ad7-95c8-3889642be5a3\"><h3 id=\"i4t-id-wu57l0l5e\" class=\"wrapper-h3-0 i4t-reference-include\"><span dir=\"auto\">1. Aceptaci\u00f3n de las condiciones de uso<\/span><\/h3><p><span dir=\"auto\">Las presentes condiciones (en adelante denominadas \u00abAviso legal\u00bb) tienen por objeto regular el uso de este sitio web que el Ayuntamiento de Tarragona y sus organismos dependientes ponen a disposici\u00f3n del p\u00fablico en la presente URL.<\/span><\/p><p><span dir=\"auto\">El acceso y la navegaci\u00f3n en el sitio web, o el uso de los servicios de la misma, le atribuye la condici\u00f3n de Usuario y supone la aceptaci\u00f3n expresa y plena por este Usuario de todas y cada una de las condiciones que se incorporen a este Aviso legal.<\/span><\/p><\/div><div class=\"i4t-include-wrapper-h3\" role=\"region\" aria-labelledby=\"i4t-id-n10nb9jtj\" data-insuit-uuid=\"a8d17495-05f3-4c4e-83f8-84176caf5b07\"><h3 id=\"i4t-id-n10nb9jtj\" class=\"wrapper-h3-1 i4t-reference-include\"><span dir=\"auto\">2. Condiciones de Uso de la Web<\/span><\/h3><p><span dir=\"auto\">El Usuario, al aceptar las presentes condiciones, se obliga expresamente a:<\/span><\/p><ul><li><span dir=\"auto\">Utilizar los contenidos de forma diligente, correcta y l\u00edcita y, en particular, se compromete a abstenerse a utilizar los contenidos de forma, con fines o efectos contrarios a este Aviso Legal, la ley, a la moral ya las buenas costumbres generalmente aceptadas o al orden p\u00fablico. En especial, los usuarios y las usuarias deben evitar toda conducta que pueda atentar contra el principio de no discriminaci\u00f3n por razones de sexo, raza, religi\u00f3n, ideolog\u00eda o cualquier otra circunstancia personal o social.<\/span><\/li><li><span dir=\"auto\">No realizar ninguna acci\u00f3n destinada perjudicar, bloquear, da\u00f1ar, inutilizar, sobrecargar, de forma temporal o definitiva, las funcionalidades, herramientas, contenidos y\/o la infraestructura de la p\u00e1gina web, de forma que impida su uso normal.<\/span><\/li><li><span dir=\"auto\">No introducir ni realizar contenidos injuriosos o calumniosos.<\/span><\/li><li><span dir=\"auto\">No utilizar cualquiera de los materiales e informaciones contenidas en este Sitio Web con fines il\u00edcitos y expresamente prohibidos en el presente Aviso Legal, y que resulten contrarios a los derechos e intereses del Ayuntamiento, sus usuarios y\/o terceros.<\/span><\/li><li><span dir=\"auto\">No reproducir o copiar, distribuir, transformar, modificar, permitir el acceso del p\u00fablico a trav\u00e9s de cualquier modalidad de comunicaci\u00f3n p\u00fablica de los Contenidos, salvo que se cuente con la autorizaci\u00f3n del titular de los correspondientes derechos o ello resulte legalmente permitido.<\/span><\/li><\/ul><p><span dir=\"auto\">En consecuencia, el Ayuntamiento de Tarragona se reserva el derecho a excluir a las usuarias y usuarios que incumplan las condiciones de acceso y uso del sitio web sin previo aviso, ya adoptar todas las medidas que considere oportunas en cada momento para evitar las actividades y conductas descritas.<\/span><\/p><\/div><div class=\"i4t-include-wrapper-h3\" role=\"region\" aria-labelledby=\"i4t-id-exjcyjli5\" data-insuit-uuid=\"8bdfc0a7-f09c-4db8-b881-219e138ecbbf\"><h3 id=\"i4t-id-exjcyjli5\" class=\"wrapper-h3-2 i4t-reference-include\"><span dir=\"auto\">3. Exenci\u00f3n de Responsabilidades<\/span><\/h3><p><span dir=\"auto\">El Ayuntamiento de Tarragona podr\u00e1 modificar, sin previo aviso, la informaci\u00f3n contenida en su sitio web, as\u00ed como su configuraci\u00f3n y presentaci\u00f3n. Igualmente, no garantiza la inexistencia de interrupciones o errores en el acceso a la misma, en su contenido, ni que \u00e9ste se encuentre actualizado, aunque desarrollar\u00e1 sus mejores esfuerzos para, en su caso, evitarlos, resolverlos o actualizarlos. Se recomienda al usuario o usuaria recargar los contenidos para recibir una informaci\u00f3n plenamente actualizada. El Ayuntamiento de Tarragona no es responsable de que las copias temporales sean actuales y no manipuladas por personas ajenas a tarragona.cat.[p1]\u00a0<\/span><\/p><p><span dir=\"auto\">El Ayuntamiento no se hace responsable de los da\u00f1os y perjuicios directos o indirectos, incluidos da\u00f1os a sistemas inform\u00e1ticos e introducci\u00f3n de virus existentes en la red, derivados de la navegaci\u00f3n por Internet necesaria para el uso de este sitio web.<\/span><\/p><p><span dir=\"auto\">El Ayuntamiento se compromete a trav\u00e9s de este medio a no realizar publicidad enga\u00f1osa. A estos efectos, por tanto, no ser\u00e1n considerados como publicidad enga\u00f1osa los errores formales o num\u00e9ricos que puedan encontrar a lo largo del contenido de las diferentes secciones del portal web, producidos como consecuencia de un mantenimiento y\/o actualizaci\u00f3n incompleta o defectuosa de la informaci\u00f3n contenida es estas secciones. El Ayuntamiento como consecuencia de lo dispuesto en este apartado, se compromete a corregirlo tan pronto como tenga conocimiento de estos errores.<\/span><\/p><p><span dir=\"auto\">El Ayuntamiento no se hace responsable del incumplimiento de cualquier norma aplicable en la que pueda incurrir el usuario en el acceso a este sitio web y\/o en el uso de las informaciones contenidas en el mismo.<\/span><\/p><p><span dir=\"auto\">El Ayuntamiento no ser\u00e1 responsable de los da\u00f1os y perjuicios producidos o que puedan producirse, cualquiera que sea su naturaleza, que se deriven del uso de la informaci\u00f3n, de las materias contenidas en este sitio web y de los programas que incorpora.<\/span><\/p><p><span dir=\"auto\">En definitiva, el Usuario es el \u00fanico responsable del uso que realice de los servicios, contenidos, enlaces (links) e hipertexto incluidos en el sitio web titularidad del Ayuntamiento de Tarragona.<\/span><\/p><\/div><div class=\"i4t-include-wrapper-h3\" role=\"region\" aria-labelledby=\"i4t-id-3n7hjwmss\" data-insuit-uuid=\"4beea2f8-5a06-4de2-8a26-df0e0b752bf6\"><h3 id=\"i4t-id-3n7hjwmss\" class=\"wrapper-h3-3 i4t-reference-include\"><span dir=\"auto\">4. V\u00ednculos o enlaces con o desde otras webs externas<\/span><\/h3><p><span dir=\"auto\">Cuando se establezca el enlace con tarragona.cat no se podr\u00e1 incluir ninguna marca comercial o signo diferente de la direcci\u00f3n de URL del portal, y se proh\u00edbe expresamente establecer v\u00ednculos desde p\u00e1ginas que contengan manifestaciones o propaganda de car\u00e1cter racista, xen\u00f3fobo, pornogr\u00e1fico, de apolog\u00eda del car\u00e1cter o la otra de moral o cualquier otra de p\u00fablico.[p2]\u00a0<\/span><\/p><p><span dir=\"auto\">En cuanto a los contenidos de la p\u00e1gina donde figure el enlace, en ning\u00fan caso se podr\u00e1 dar a entender ni declarar que el Ayuntamiento los autoriza, interviene, avala, promociona, participa o supervisa, ni siquiera que consiente su inclusi\u00f3n, excepto si existe autorizaci\u00f3n expresa.<\/span><\/p><p><span dir=\"auto\">La presencia en tarragona.cat de enlaces a otras webs externas tiene un car\u00e1cter meramente informativo. Por tanto, el Ayuntamiento de Tarragona no se responsabiliza ni da ning\u00fan tipo de garant\u00eda respecto de los siguientes puntos:<\/span><\/p><ul><li><span dir=\"auto\">Las caracter\u00edsticas, procedencia o cualquier otro aspecto de los servicios ofrecidos por el sitio web.<\/span><\/li><li><span dir=\"auto\">Los da\u00f1os y perjuicios directos o indirectos que puedan generar los productos o servicios ofrecidos a trav\u00e9s de estas webs o portales externos.<\/span><\/li><li><span dir=\"auto\">Las transacciones u operaciones pactadas por las entidades oferentes y los usuarios y usuarias.<\/span><\/li><li><span dir=\"auto\">Los t\u00e9rminos o condiciones de uso de la web externa, modificaci\u00f3n, cumplimiento, ejecuci\u00f3n y resoluci\u00f3n.<\/span><\/li><\/ul><\/div><div class=\"i4t-include-wrapper-h3\" role=\"region\" aria-labelledby=\"i4t-id-cgt4vd3gw\" data-insuit-uuid=\"bac64cef-70af-4793-a5f3-e69a6ea23f68\"><h3 id=\"i4t-id-cgt4vd3gw\" class=\"wrapper-h3-4 i4t-reference-include\"><span dir=\"auto\">5. Derechos de Propiedad Intelectual e Industrial<\/span><\/h3><p><span dir=\"auto\">Todos los contenidos de la web, salvo que se indique lo contrario, son titularidad exclusiva del Ayuntamiento de Tarragona y, con car\u00e1cter enunciativo, no limitativo, como son el dise\u00f1o gr\u00e1fico, c\u00f3digo fuente, logotipos, nombres comerciales, marcas, signos distintivos, textos, gr\u00e1ficos, ilustraciones, fotograf\u00edas, y otros elementos que aparecen en la p\u00e1gina web.<\/span><\/p><p><span dir=\"auto\">En virtud de lo dispuesto en la Ley de Propiedad Intelectual, el Usuario no est\u00e1 autorizado para proceder a la reproducci\u00f3n, distribuci\u00f3n, cesi\u00f3n, comunicaci\u00f3n p\u00fablica y\/o transformaci\u00f3n de la informaci\u00f3n contenida en esta web con fines comerciales, salvo que se cuente con la autorizaci\u00f3n del titular de los correspondientes derechos o ello resulte legalmente permitido.<\/span><\/p><p><span dir=\"auto\">El Usuario, \u00fanica y exclusivamente, puede utilizar el material que aparezca en este sitio web para su uso personal.<\/span><\/p><p><span dir=\"auto\">El Ayuntamiento de Tarragona velar\u00e1 por el cumplimiento de las anteriores condiciones como por la debida utilizaci\u00f3n de los contenidos presentados en su sitio web, ejercitando todas las acciones civiles y penales que le correspondan en el caso de infracci\u00f3n o incumplimiento de estos derechos por parte del Usuario.<\/span><\/p><\/div><div class=\"i4t-include-wrapper-h3\" role=\"region\" aria-labelledby=\"i4t-id-a7i2s6lvu\" data-insuit-uuid=\"f6a667fa-9cda-4c93-ad05-c9339c78820f\"><h3 id=\"i4t-id-a7i2s6lvu\" class=\"wrapper-h3-5 i4t-reference-include\"><span dir=\"auto\">6. Pol\u00edtica de Privacidad<\/span><\/h3><p><span dir=\"auto\">El Ayuntamiento de Tarragona realiza el tratamiento de sus datos \u00fanica y exclusivamente para los servicios que solicita y sus competencias de acuerdo con la normativa vigente en materia de protecci\u00f3n de datos y sociedad de la informaci\u00f3n. El uso de sus datos personales tendr\u00e1 car\u00e1cter confidencial.<\/span><\/p><p><span dir=\"auto\">Puede consultar el detalle del tratamiento de datos que realizamos en nuestra\u00a0<\/span><a href=\"https:\/\/www.tarragona.cat\/politica-de-privacitat\" data-insuit-uuid=\"ad118ebd-fca1-4726-a476-5ad874c3b437\"><span dir=\"auto\">pol\u00edtica de privacidad.<\/span><\/a><\/p><\/div><div class=\"i4t-include-wrapper-h3\" role=\"region\" aria-labelledby=\"i4t-id-xi4jb8vr2\" data-insuit-uuid=\"cd391305-980e-41d6-bd8d-b040e6d357a4\"><h3 id=\"i4t-id-xi4jb8vr2\" class=\"wrapper-h3-6 i4t-reference-include\"><span dir=\"auto\">7. Pol\u00edtica de Cookies<\/span><\/h3><p><span dir=\"auto\">Podemos utilizar cookies cuando el usuario navega por las diferentes pantallas y p\u00e1ginas de nuestra web con el fin de reconocer a los usuarios para poder ofrecerle un mejor servicio y m\u00e1s personalizado mediante cookies de sesi\u00f3n y cookies t\u00e9cnicas.<\/span><\/p><p><span dir=\"auto\">Las cookies no recogen informaci\u00f3n del usuario, siendo totalmente an\u00f3nimo y sin posibilidad de asociarse a un usuario concreto ni identificado.<\/span><\/p><p><span dir=\"auto\">El usuario podr\u00e1 controlar el nivel de seguridad de su equipo mediante la correspondiente opci\u00f3n que tenga su programa navegador.<\/span><\/p><p><span dir=\"auto\">Puede consultar el detalle de las cookies que utilizamos en nuestra\u00a0<\/span><a href=\"https:\/\/www.tarragona.cat\/politica-de-cookies\" data-insuit-uuid=\"3056e3c3-04ea-4d8b-9e30-7b735088d67b\"><span dir=\"auto\">pol\u00edtica de cookies<\/span><\/a><span dir=\"auto\">\u00a0.<\/span><\/p><\/div><div class=\"i4t-include-wrapper-h3\" role=\"region\" aria-labelledby=\"i4t-id-80wuu4b1k\" data-insuit-uuid=\"e39bf458-062d-4407-aa68-fa0afa0cfe7a\"><h3 id=\"i4t-id-80wuu4b1k\" class=\"wrapper-h3-7 i4t-reference-include\"><span dir=\"auto\">8. Legislaci\u00f3n Aplicable y Tribunales Competentes<\/span><\/h3><p><span dir=\"auto\">Las condiciones de este sitio web y las relaciones entre el usuario y el Ayuntamiento de Tarragona se regir\u00e1n por la legislaci\u00f3n espa\u00f1ola.<\/span><\/p><p><span dir=\"auto\">Para conocer cualquier discrepancia que pueda surgir entre el usuario y el Ayuntamiento de Tarragona, ambas partes se someten a los Jueces y Tribunales que sean competentes en cada caso.<\/span><\/p><\/div>\t\t\t\t\t\t\t\t<\/div>\n\t\t\t\t<\/div>\n\t\t\t\t\t<\/div>\n\t\t\t\t<\/div>\n\t\t\t\t<\/div>\n\t\t","protected":false},"excerpt":{"rendered":"<p>TITULARIDAD DEL SITIO WEB El propietario del presente sitio web es el Ayuntamiento de Tarragona: CIF P4315000BDomicilio: Plaza de la Font, 43003 TarragonaTel. 977296100Fax. 977296118E-mail:\u00a0ayuntamiento@tarragona.cat Desde este sitio web, el usuario puede tener acceso a los servicios del Patronato Municipal de Turismo de Tarragona, Patronato Municipal de Deportes de Tarragona e Instituto Municipal de Servicios [&hellip;]<\/p>\n","protected":false},"author":1,"featured_media":0,"parent":0,"menu_order":0,"comment_status":"closed","ping_status":"closed","template":"","meta":{"footnotes":""},"class_list":["post-674","page","type-page","status-publish","hentry"],"_links":{"self":[{"href":"https:\/\/zbe.tarragona.cat\/es\/wp-json\/wp\/v2\/pages\/674","targetHints":{"allow":["GET"]}}],"collection":[{"href":"https:\/\/zbe.tarragona.cat\/es\/wp-json\/wp\/v2\/pages"}],"about":[{"href":"https:\/\/zbe.tarragona.cat\/es\/wp-json\/wp\/v2\/types\/page"}],"author":[{"embeddable":true,"href":"https:\/\/zbe.tarragona.cat\/es\/wp-json\/wp\/v2\/users\/1"}],"replies":[{"embeddable":true,"href":"https:\/\/zbe.tarragona.cat\/es\/wp-json\/wp\/v2\/comments?post=674"}],"version-history":[{"count":22,"href":"https:\/\/zbe.tarragona.cat\/es\/wp-json\/wp\/v2\/pages\/674\/revisions"}],"predecessor-version":[{"id":1306,"href":"https:\/\/zbe.tarragona.cat\/es\/wp-json\/wp\/v2\/pages\/674\/revisions\/1306"}],"wp:attachment":[{"href":"https:\/\/zbe.tarragona.cat\/es\/wp-json\/wp\/v2\/media?parent=674"}],"curies":[{"name":"wp","href":"https:\/\/api.w.org\/{rel}","templated":true}]}}