{"id":683,"date":"2024-03-11T22:54:40","date_gmt":"2024-03-11T21:54:40","guid":{"rendered":"https:\/\/zbe.tarragona.cat\/?page_id=683"},"modified":"2025-10-23T13:12:07","modified_gmt":"2025-10-23T11:12:07","slug":"politica-de-privacidad","status":"publish","type":"page","link":"https:\/\/zbe.tarragona.cat\/es\/politica-de-privacidad\/","title":{"rendered":"Pol\u00edtica de privacidad"},"content":{"rendered":"\t\t<div data-elementor-type=\"wp-page\" data-elementor-id=\"683\" class=\"elementor elementor-683\" data-elementor-post-type=\"page\">\n\t\t\t\t<div class=\"elementor-element elementor-element-dbae688 e-flex e-con-boxed e-con e-parent\" data-id=\"dbae688\" data-element_type=\"container\" data-e-type=\"container\">\n\t\t\t\t\t<div class=\"e-con-inner\">\n\t\t\t\t<div class=\"elementor-element elementor-element-4fa7bc8 exad-sticky-section-no exad-glass-effect-no elementor-widget elementor-widget-text-editor\" data-id=\"4fa7bc8\" data-element_type=\"widget\" data-e-type=\"widget\" data-widget_type=\"text-editor.default\">\n\t\t\t\t<div class=\"elementor-widget-container\">\n\t\t\t\t\t\t\t\t\t<p><span dir=\"auto\"><span class=\"\" dir=\"auto\">De conformidad con el Reglamento (UE) 2016\/679, de 27 de abril de 2016, relativo a la protecci\u00f3n de las personas f\u00edsicas en cuanto al tratamiento de datos personales ya la libre circulaci\u00f3n de estos datos y la Ley 3\/2018, de 5 de diciembre, de Protecci\u00f3n de Datos Personales y Garant\u00eda de los Derechos Digitales, usuarias de su pol\u00edtica de protecci\u00f3n de datos.<\/span><\/span><\/p><div class=\"i4t-include-wrapper-h2\" role=\"region\" aria-labelledby=\"i4t-id-p82venmaz\" data-insuit-uuid=\"6d681336-bd04-44a8-899f-8a00b15ccb4a\"><h3 id=\"i4t-id-p82venmaz\" class=\"wrapper-h2-0 i4t-reference-include\"><span dir=\"auto\">1. Identidad del responsable de tratamiento<\/span><\/h3><p><span dir=\"auto\">El responsable del tratamiento de los datos personales recogidos en la web corporativa de www.tarragona.cat es:<\/span><\/p><p><span dir=\"auto\">AYUNTAMIENTO DE TARRAGONA<\/span><br \/><span dir=\"auto\">CIF: P4315000B<\/span><br \/><span dir=\"auto\">Direcci\u00f3n: Plaza de la Font, 1, 43003 Tarragona<\/span><br \/><span dir=\"auto\">Tel. 977296100<\/span><br \/><span dir=\"auto\">Fax. 977296118<\/span><br \/><span dir=\"auto\">E-mail:\u00a0<\/span><a href=\"mailto:ajuntament@tarragona.cat\" data-insuit-uuid=\"2f050635-5f1d-44ab-81a1-aa4d67f051ea\"><span dir=\"auto\">ayuntamiento@tarragona.cat<\/span><\/a>\u00a0\u00a0<\/p><p><span dir=\"auto\">PATRONATO MUNICIPAL DE DEPORTES DE TARRAGONA<\/span><br \/><span dir=\"auto\">CIF: P9313102G<\/span><br \/><span dir=\"auto\">Direcci\u00f3n: Riu Siurana, s\/n Polideportivo M. Campclar, 43006 Tarragona<\/span><br \/><span dir=\"auto\">Tel. 977550299<\/span><br \/><span dir=\"auto\">Fax. 977550875<\/span><br \/><span dir=\"auto\">E-mail:\u00a0<\/span><a href=\"mailto:ajuntament@tarragona.cat\" data-insuit-uuid=\"c174d03e-080f-4edf-b807-118ea2a1f224\"><span dir=\"auto\">ayuntamiento@tarragona.cat<\/span><\/a><\/p><p><span dir=\"auto\">INSTITUTO MUNICIPAL DE SERVICIOS SOCIALES DE TARRAGONA<\/span><br \/><span dir=\"auto\">CIF: P9315002G<\/span><br \/><span dir=\"auto\">Direcci\u00f3n: C\/ Francol\u00ed, 65-67 La Torreforta, 43006 Tarragona<\/span><br \/><span dir=\"auto\">Tel. 977550086<\/span><br \/><span dir=\"auto\">Fax. 977550191<\/span><br \/><span dir=\"auto\">E-mail:\u00a0<\/span><a href=\"mailto:imsst.tgna@tarragona.cat\" data-insuit-uuid=\"c9b312f1-686b-4fb9-acd7-c24e2fecd7b5\"><span dir=\"auto\">imsst.tgna@tarragona.cat<\/span><\/a><\/p><\/div><div class=\"i4t-include-wrapper-h2\" role=\"region\" aria-labelledby=\"i4t-id-5940njx8r\" data-insuit-uuid=\"8d78853f-49cb-4122-97b6-580d4f2bff09\"><h3 id=\"i4t-id-5940njx8r\" class=\"wrapper-h2-1 i4t-reference-include\"><span dir=\"auto\">2. Finalidad y tiempo de conservaci\u00f3n de los tratamientos de datos.<\/span><\/h3><p><span dir=\"auto\">Los datos que nos facilita por los diferentes medios, formularios de contacto, encuestas o procedimientos en el momento de la recogida de datos, es conforme a la legislaci\u00f3n vigente en materia de protecci\u00f3n de datos y se realiza con la \u00fanica finalidad de prestarle el servicio que nos solicita.<\/span><\/p><p><span dir=\"auto\">En cada uno de estos medios se informa detalladamente de la finalidad del tratamiento y que el tratamiento se llevar\u00e1 a cabo \u00fanica y exclusivamente si se ha autorizado.<\/span><\/p><p><span dir=\"auto\">A continuaci\u00f3n detallamos la informaci\u00f3n relativa a los distintos tratamientos que se llevan a cabo desde el Ayuntamiento y los organismos dependientes. <\/span><\/p><table class=\"table\" role=\"table\" data-insuit-uuid=\"f3ddd221-e969-4846-adc7-498b3717400d\" aria-owns=\"i4t-id-b3l50ecwc i4t-id-65846rx6o i4t-id-xsepeqqfs i4t-id-ppvnaiab3 i4t-id-t2we3buq5 i4t-id-iq15vyrgf i4t-id-p2r5xaftd\"><thead><tr id=\"i4t-id-b3l50ecwc\" role=\"row\" data-insuit-uuid=\"cead1c7f-9048-4b0b-910e-5a8e325f420d\"><th role=\"columnheader\" scope=\"col\" data-insuit-uuid=\"da85d188-b0f9-420a-ae8a-0754db757c23\"><span dir=\"auto\">Tratamiento<\/span><\/th><th role=\"columnheader\" scope=\"col\" data-insuit-uuid=\"0189a1a5-1f99-485e-97aa-6673d8448229\"><span dir=\"auto\">Para qu\u00e9 utilizaremos sus datos<\/span><\/th><th role=\"columnheader\" scope=\"col\" data-insuit-uuid=\"1fee6a66-a993-4ad4-a377-d74ac4286140\"><span dir=\"auto\">\u00bfCu\u00e1nto tiempo conservaremos sus datos<\/span><\/th><\/tr><\/thead><tbody><tr id=\"i4t-id-65846rx6o\" role=\"row\" data-insuit-uuid=\"7c20d529-3242-4d50-9b59-ada9853b6903\"><th role=\"rowheader\" scope=\"row\" data-insuit-uuid=\"8ba93cfc-fe30-4f8b-b08c-10c328c08b2d\"><span dir=\"auto\">Prestaci\u00f3n de servicios y tr\u00e1mites municipales<\/span><\/th><td role=\"cell\" data-insuit-uuid=\"d986feb6-e107-47e1-ad19-ea76467b9ee4\"><span dir=\"auto\">Trataremos la informaci\u00f3n para la gesti\u00f3n del tr\u00e1mite que haya solicitado. Sus datos podr\u00e1n ser cedidos a terceros en caso de que el servicio lo requiera y para dar cumplimiento de nuestras competencias.<\/span><\/td><td role=\"cell\" data-insuit-uuid=\"6ead02c4-4a87-47fb-8600-a874266e3fb9\"><span dir=\"auto\">Una vez finalice el tr\u00e1mite o servicio no se har\u00e1 uso de sus datos, sin embargo, se conservar\u00e1n el tiempo obligatorio de acuerdo con lo que establece el Cuadro de Clasificaci\u00f3n del Ayuntamiento y Tablas de Evaluaci\u00f3n Documental de la Generalidad de Catalu\u00f1a para cada tr\u00e1mite.<\/span><\/td><\/tr><tr id=\"i4t-id-xsepeqqfs\" role=\"row\" data-insuit-uuid=\"cc3908b0-bbd9-4ab0-8cf8-0d6223fe0012\"><th role=\"rowheader\" scope=\"row\" data-insuit-uuid=\"c4397d2b-5e4f-4688-a767-fbefa1a8d82e\"><span dir=\"auto\">Suscripciones<\/span><\/th><td role=\"cell\" data-insuit-uuid=\"728e68ce-3016-4a84-b489-0380b188a973\"><span dir=\"auto\">Le remitiremos informaci\u00f3n de nuestros productos, servicios y actividades. Sus datos no ser\u00e1n cedidos a terceros.<\/span><\/td><td role=\"cell\" data-insuit-uuid=\"c7b735b8-d1fd-45f3-af07-f9532862d7c4\"><span dir=\"auto\">Sus datos personales se conservar\u00e1n hasta el momento en que solicite no recibir nuestras comunicaciones, en ese momento se suprimir\u00e1n. Podr\u00e1 solicitar su supresi\u00f3n en cualquier momento mediante la informaci\u00f3n que aparece en cada comunicado.<\/span><\/td><\/tr><tr id=\"i4t-id-ppvnaiab3\" role=\"row\" data-insuit-uuid=\"4691078b-08c2-443f-bb54-5d0703babbde\"><th role=\"rowheader\" scope=\"row\" data-insuit-uuid=\"0288e239-3fff-4788-a59a-cef14aa87148\"><span dir=\"auto\">Actividades<\/span><\/th><td role=\"cell\" data-insuit-uuid=\"57cbad69-032f-435a-ad31-8b7046ea13cf\"><span dir=\"auto\">Trataremos sus datos para la gesti\u00f3n de las actividades, cursos y talleres. Sus datos no ser\u00e1n cedidos a terceros.<\/span><\/td><td role=\"cell\" data-insuit-uuid=\"34a45e9f-eae4-48e2-86e8-f7b67b3a55ff\"><span dir=\"auto\">Una vez finalice la actividad no se har\u00e1 uso de sus datos, sin embargo se conservar\u00e1n el tiempo obligatorio de acuerdo con lo que establece el Cuadro de Clasificaci\u00f3n del Ayuntamiento y las Tablas de Evaluaci\u00f3n Documental de la Generalidad de Catalu\u00f1a<\/span><\/td><\/tr><tr id=\"i4t-id-t2we3buq5\" role=\"row\" data-insuit-uuid=\"62b79e7f-f2c4-4233-a1a0-f5fc138ece7b\"><th role=\"rowheader\" scope=\"row\" data-insuit-uuid=\"eb4d9f90-7607-421d-b719-891ba6f76d20\"><span dir=\"auto\">Buz\u00f3n de contacto, quejas o sugerencias<\/span><\/th><td role=\"cell\" data-insuit-uuid=\"985e1b5d-5e62-4b9a-a38b-000aba440fd1\"><span dir=\"auto\">Trataremos sus datos para contestar a su solicitud, cuestiones o dudas. Sus datos no ser\u00e1n cedidos a terceros.<\/span><\/td><td role=\"cell\" data-insuit-uuid=\"d23b6dad-37ef-475b-b10f-84bd44d13cab\"><span dir=\"auto\">Sus datos personales se conservar\u00e1n hasta el momento en el que se haya contestado a su solicitud y llevado a cabo las acciones que sean adecuadas. Tras ello se suprimir\u00e1n transcurridos los plazos de conservaci\u00f3n legal y salvo que puedan derivarse responsabilidades administrativas, civiles, laborales y\/o penales.<\/span><\/td><\/tr><tr id=\"i4t-id-iq15vyrgf\" role=\"row\" data-insuit-uuid=\"ebd5cd1e-c4db-42fa-af6b-732bfeebd639\"><th role=\"rowheader\" scope=\"row\" data-insuit-uuid=\"d261076f-944f-43c1-98bb-1f3a40c14dbb\"><span dir=\"auto\">Abonados y usuarios del Patronato Municipal de Deportes<\/span><\/th><td role=\"cell\" data-insuit-uuid=\"e94a8d1c-f3ee-45f6-8026-e77e45e8679b\"><span dir=\"auto\">Trataremos sus datos prestar los servicios del Patronato Municipal de Deportes. Los datos podr\u00e1n ser cedidos a los instructores del centro por llevar un control de las clases dirigidas.<\/span><\/td><td role=\"cell\" data-insuit-uuid=\"3a6a943c-3977-428e-a025-cee880a24aad\"><span dir=\"auto\">Sus datos personales se conservar\u00e1n hasta el momento en el que se d\u00e9 de baja del servicio del Patronato Municipal de Deportes. Tras ello se suprimir\u00e1n transcurridos los plazos de conservaci\u00f3n legal y salvo que puedan derivarse responsabilidades administrativas, civiles, laborales y\/o penales.<\/span><\/td><\/tr><tr id=\"i4t-id-p2r5xaftd\" role=\"row\" data-insuit-uuid=\"af1842a2-1e11-4028-9cd0-18b39619b688\"><th role=\"rowheader\" scope=\"row\" data-insuit-uuid=\"d91d6072-76bd-443d-a36c-0e9d6f0db061\"><span dir=\"auto\">Servicios sociales<\/span><\/th><td role=\"cell\" data-insuit-uuid=\"2628be64-65ce-4de9-8e2b-d4731ee7e1b0\"><span dir=\"auto\">Trataremos sus datos para poder apoyar al usuario en materia de servicios sociales por parte del Instituto Municipal de Servicios Sociales de Tarragona. Sus datos podr\u00e1n ser cedidos a terceros cuando se lleve a cabo derivaciones del servicio.<\/span><\/td><td role=\"cell\" data-insuit-uuid=\"5e77ef34-be1d-497a-b98e-b4e498bccbde\"><span dir=\"auto\">Una vez finalice el servicio no se har\u00e1 uso de sus datos, sin embargo, se conservar\u00e1n el tiempo obligatorio de acuerdo con lo que establece el Cuadro de Clasificaci\u00f3n del Ayuntamiento y Tablas de Evaluaci\u00f3n Documental de la Generalidad de Catalu\u00f1a para cada tr\u00e1mite.<\/span><\/td><\/tr><\/tbody><\/table><div class=\"i4t-include-wrapper-h2\" role=\"region\" aria-labelledby=\"i4t-id-9w7xpsenm\" data-insuit-uuid=\"da54b14c-9157-4bce-bae9-e239d077213d\"><p><span dir=\"auto\">Para m\u00e1s informaci\u00f3n puede consultar el\u00a0<\/span><a href=\"https:\/\/www.tarragona.cat\/governobert\/tgn-dades\/registre-dactivitats-del-tractament\/\" data-insuit-uuid=\"1bfe9ee5-701b-401c-b12c-e5cfeda45d91\"><span dir=\"auto\">Registro de actividades de Tratamiento<\/span><\/a><span dir=\"auto\">\u00a0del Ayuntamiento de Tarragona y sus organismos dependientes.<\/span><\/p><p><span dir=\"auto\">La base legal para el tratamiento de sus datos es el ejercicio de las competencias propias del Ayuntamiento, realizar la prestaci\u00f3n de los servicios que nos ha solicitado y el consentimiento del interesado.<\/span><\/p><p><span dir=\"auto\">En ning\u00fan caso se realizar\u00e1n decisiones automatizadas a partir de sus datos.<\/span><\/p><p><span dir=\"auto\">No se transferir\u00e1n sus datos personales fuera del Espacio Econ\u00f3mico Europeo ni de pa\u00edses que no tengan un nivel de cumplimiento exigido por la legislaci\u00f3n o sin disponer de su previa autorizaci\u00f3n expresa.<\/span><\/p><p><span dir=\"auto\">Toda la informaci\u00f3n que facilita el usuario debe ser veraz. El usuario es el \u00fanico responsable de las manifestaciones falsas o inexactas que realice y de los perjuicios que cause al Ayuntamiento oa terceros. El Ayuntamiento de Tarragona se reserva el derecho a excluir de los servicios a todo usuario que haya facilitado datos falsos, sin perjuicio de las dem\u00e1s acciones que procedan en Derecho.<\/span><\/p><\/div><div class=\"i4t-include-wrapper-h2\" role=\"region\" aria-labelledby=\"i4t-id-n5wde07ro\" data-insuit-uuid=\"8dd9d74b-561a-4b98-b788-29d2ca1edcc0\"><h3 id=\"i4t-id-n5wde07ro\" class=\"wrapper-h2-2 i4t-reference-include\"><span dir=\"auto\">3. Cesi\u00f3n o comunicaci\u00f3n de datos a terceros<\/span><\/h3><p><span dir=\"auto\">Para poder prestar correctamente el servicio se podr\u00e1n proporcionar los datos a entidades que nos presten servicios (APPs, hospedajes web, derivaciones de servicios) y \u00e9stos tratar\u00e1n sus datos como \u201cencargados de tratamiento\u201d.<\/span><\/p><p><span dir=\"auto\">Esta gesti\u00f3n de sus datos se realiza \u00fanica y exclusivamente para garantizar la realizaci\u00f3n, seguridad y disponibilidad de los servicios que le ofrecemos, garantizando que estas entidades apliquen las medidas de \u00edndole t\u00e9cnica, jur\u00eddica y organizativa y mejores pr\u00e1cticas de seguridad de la informaci\u00f3n. Evitando as\u00ed, su alteraci\u00f3n, p\u00e9rdida, tratamiento o acceso no autorizado y otras obligaciones en la materia que exija la normativa en cada momento.<\/span><\/p><p><span dir=\"auto\">Fuera de esta situaci\u00f3n, no se realiza ninguna comunicaci\u00f3n de sus datos personales a terceros, salvo que sean requeridos por las autoridades p\u00fablicas competentes y\/u otras entidades, de conformidad con las disposiciones legales y reglamentarias aplicables en cada momento.<\/span><\/p><\/div><div class=\"i4t-include-wrapper-h2\" role=\"region\" aria-labelledby=\"i4t-id-qaqeqjy7i\" data-insuit-uuid=\"2f33b388-13fc-41d5-9517-0ad668b7e524\"><h3 id=\"i4t-id-qaqeqjy7i\" class=\"wrapper-h2-3 i4t-reference-include\"><span dir=\"auto\">4. Sus derechos al facilitar sus datos<\/span><\/h3><p><span dir=\"auto\">En cualquier momento puede solicitar y obtener informaci\u00f3n de c\u00f3mo y para qu\u00e9 estamos tratando sus datos, ejerciendo los siguientes derechos:<\/span><\/p><ul><li><span dir=\"auto\">Acceso a sus datos: solicitar qu\u00e9 datos tenemos y qu\u00e9 uso hacemos.<\/span><\/li><li><span dir=\"auto\">Rectificar sus datos: solicitar la modificaci\u00f3n o rectificaci\u00f3n de los datos inexactos.<\/span><\/li><li><span dir=\"auto\">Suprimir sus datos: solicitar que los datos sean eliminados y no se haga tratamiento de ellos, fuera de lo que la ley nos exija conservar.<\/span><\/li><li><span dir=\"auto\"><span class=\"\" dir=\"auto\">Limitar el tratamiento: solicitar que los datos sean conservados por necesidades legales.<\/span><\/span><\/li><li><span dir=\"auto\">Oponerse a un tratamiento: solicitar que no se haga un uso concreto de sus datos.<\/span><\/li><li><span dir=\"auto\">Portabilidad de sus datos: solicitar que le entreguemos los datos en un formato compatible para que lo entregue a un tercero que deba ofrecerle un servicio.<\/span><\/li><\/ul><p><span dir=\"auto\">Para ejercer estos derechos, puede dirigir un escrito indicando qu\u00e9 derecho quiere ejercer (Acceso, Rectificaci\u00f3n, Supresi\u00f3n, Limitaci\u00f3n, Oposici\u00f3n, o Portabilidad de los datos) adjuntando una copia de su DNI presencialmente o por correo ordinario a Oficina Municipal de Atenci\u00f3n Ciudadana situada en la Plaza de la Fuente, 43003 Tarragona, o mediante el tr\u00e1mite\u00a0<\/span><a href=\"https:\/\/seu.tarragona.cat\/sta\/CarpetaPublic\/doEvent?APP_CODE=STA&amp;PAGE_CODE=CATALOGO&amp;DETALLE=6269000003495203799500\" data-insuit-uuid=\"2bd850a6-ee40-49a7-8074-f9d0dac0b2fd\"><span dir=\"auto\">espec\u00edfico de Acceso, Rectificaci\u00f3n, Supresi\u00f3n y Oposici\u00f3n de los datos personales\u201d<\/span><\/a><span dir=\"auto\">\u00a0.<\/span><\/p><\/div><div class=\"i4t-include-wrapper-h2\" role=\"region\" aria-labelledby=\"i4t-id-8xh2qeeku\" data-insuit-uuid=\"5e7655ca-eaf9-4e2e-9070-9fb716651c70\"><h3 id=\"i4t-id-8xh2qeeku\" class=\"wrapper-h2-4 i4t-reference-include\"><span dir=\"auto\">5. Informaci\u00f3n adicional sobre el tratamiento de datos personales<\/span><\/h3><p><span dir=\"auto\">Si desea conocer m\u00e1s informaci\u00f3n sobre los tratamientos de datos personales que lleva a cabo el Ayuntamiento de Tarragona puede ponerse en contacto con el Delegado de Protecci\u00f3n de Datos:<\/span><\/p><p><span dir=\"auto\">Delegado de Protecci\u00f3n de Datos<\/span><br \/><span dir=\"auto\">E-mail :\u00a0<\/span><a href=\"mailto:dpd@tarragona.cat\" data-insuit-uuid=\"712dc842-67d5-49c3-98de-116cc91475dd\"><span dir=\"auto\">dpd@tarragona.cat<\/span><\/a><br \/><span dir=\"auto\">Direcci\u00f3n postal: Plaza de la Font, 43003 Tarragona<\/span><\/p><\/div><div class=\"i4t-include-wrapper-h2\" role=\"region\" aria-labelledby=\"i4t-id-m0jtb8mpu\" data-insuit-uuid=\"748432ca-4789-4103-b20a-55bcb9d7d804\"><h3 id=\"i4t-id-m0jtb8mpu\" class=\"wrapper-h2-5 i4t-reference-include\"><span dir=\"auto\">6. Presentaci\u00f3n de reclamaciones<\/span><\/h3><p><span dir=\"auto\">La Autoridad Catalana de Protecci\u00f3n de Datos (\u00a0<\/span><a href=\"http:\/\/www.apdcat.cat\/\" data-insuit-uuid=\"f1a7ae53-39d8-494f-8989-d7ef82205a66\"><span dir=\"auto\">www.apdcat.cat<\/span><\/a><span dir=\"auto\">\u00a0) es el Organismo Supervisor que vela por el cumplimiento de la legislaci\u00f3n de protecci\u00f3n de datos en la Administraci\u00f3n P\u00fablica Catalana, si usted considera que el Ayuntamiento ha incumplido alguno de los preceptos establecidos en esta normativa se puede dirigir para interponer una reclamaci\u00f3n.<\/span><\/p><\/div><\/div>\t\t\t\t\t\t\t\t<\/div>\n\t\t\t\t<\/div>\n\t\t\t\t\t<\/div>\n\t\t\t\t<\/div>\n\t\t\t\t<\/div>\n\t\t","protected":false},"excerpt":{"rendered":"<p>De conformidad con el Reglamento (UE) 2016\/679, de 27 de abril de 2016, relativo a la protecci\u00f3n de las personas f\u00edsicas en cuanto al tratamiento de datos personales ya la libre circulaci\u00f3n de estos datos y la Ley 3\/2018, de 5 de diciembre, de Protecci\u00f3n de Datos Personales y Garant\u00eda de los Derechos Digitales, usuarias [&hellip;]<\/p>\n","protected":false},"author":1,"featured_media":0,"parent":0,"menu_order":0,"comment_status":"closed","ping_status":"closed","template":"","meta":{"footnotes":""},"class_list":["post-683","page","type-page","status-publish","hentry"],"_links":{"self":[{"href":"https:\/\/zbe.tarragona.cat\/es\/wp-json\/wp\/v2\/pages\/683","targetHints":{"allow":["GET"]}}],"collection":[{"href":"https:\/\/zbe.tarragona.cat\/es\/wp-json\/wp\/v2\/pages"}],"about":[{"href":"https:\/\/zbe.tarragona.cat\/es\/wp-json\/wp\/v2\/types\/page"}],"author":[{"embeddable":true,"href":"https:\/\/zbe.tarragona.cat\/es\/wp-json\/wp\/v2\/users\/1"}],"replies":[{"embeddable":true,"href":"https:\/\/zbe.tarragona.cat\/es\/wp-json\/wp\/v2\/comments?post=683"}],"version-history":[{"count":16,"href":"https:\/\/zbe.tarragona.cat\/es\/wp-json\/wp\/v2\/pages\/683\/revisions"}],"predecessor-version":[{"id":1309,"href":"https:\/\/zbe.tarragona.cat\/es\/wp-json\/wp\/v2\/pages\/683\/revisions\/1309"}],"wp:attachment":[{"href":"https:\/\/zbe.tarragona.cat\/es\/wp-json\/wp\/v2\/media?parent=683"}],"curies":[{"name":"wp","href":"https:\/\/api.w.org\/{rel}","templated":true}]}}