{"id":946,"date":"2024-06-17T16:42:41","date_gmt":"2024-06-17T14:42:41","guid":{"rendered":"https:\/\/zbe.tarragona.cat\/?page_id=946"},"modified":"2024-06-17T17:07:08","modified_gmt":"2024-06-17T15:07:08","slug":"new-password","status":"publish","type":"page","link":"https:\/\/zbe.tarragona.cat\/es\/new-password\/","title":{"rendered":"Establecer nueva contrase\u00f1a"},"content":{"rendered":"\t\t<div data-elementor-type=\"wp-page\" data-elementor-id=\"946\" class=\"elementor elementor-946\" data-elementor-post-type=\"page\">\n\t\t\t\t<div class=\"elementor-element elementor-element-d6baa52 e-flex e-con-boxed e-con e-parent\" data-id=\"d6baa52\" data-element_type=\"container\" data-e-type=\"container\">\n\t\t\t\t\t<div class=\"e-con-inner\">\n\t\t\t\t<div class=\"elementor-element elementor-element-4b541c7 elementor-button-align-start exad-sticky-section-no exad-glass-effect-no elementor-widget elementor-widget-form\" data-id=\"4b541c7\" data-element_type=\"widget\" data-e-type=\"widget\" data-settings=\"{&quot;step_next_label&quot;:&quot;Next&quot;,&quot;step_previous_label&quot;:&quot;Previous&quot;,&quot;button_width&quot;:&quot;100&quot;,&quot;step_type&quot;:&quot;number_text&quot;,&quot;step_icon_shape&quot;:&quot;circle&quot;}\" data-widget_type=\"form.default\">\n\t\t\t\t<div class=\"elementor-widget-container\">\n\t\t\t\t\t\t\t<form class=\"elementor-form\" method=\"post\" id=\"new_password\" name=\"Nueva contrase\u00f1a\" aria-label=\"Nueva contrase\u00f1a\">\n\t\t\t<input type=\"hidden\" name=\"post_id\" value=\"946\"\/>\n\t\t\t<input type=\"hidden\" name=\"form_id\" value=\"4b541c7\"\/>\n\t\t\t<input type=\"hidden\" name=\"referer_title\" value=\"\" \/>\n\n\t\t\t\n\t\t\t<div class=\"elementor-form-fields-wrapper elementor-labels-above\">\n\t\t\t\t\t\t\t\t<div class=\"elementor-field-type-text elementor-field-group elementor-column elementor-field-group-new_password elementor-col-100 elementor-field-required elementor-mark-required\">\n\t\t\t\t\t\t\t\t\t\t\t\t<label for=\"form-field-new_password\" class=\"elementor-field-label\">\n\t\t\t\t\t\t\t\tNueva contrase\u00f1a\t\t\t\t\t\t\t<\/label>\n\t\t\t\t\t\t\t\t\t\t\t\t\t\t<input size=\"1\" type=\"text\" name=\"form_fields[new_password]\" id=\"form-field-new_password\" class=\"elementor-field elementor-size-sm  elementor-field-textual\" placeholder=\"Nueva contrase\u00f1a\" required=\"required\">\n\t\t\t\t\t\t\t\t\t\t\t<\/div>\n\t\t\t\t\t\t\t\t<div class=\"elementor-field-type-html elementor-field-group elementor-column elementor-field-group-field_e6a1320 elementor-col-100\">\n\t\t\t\t\t<span style=\"font-size: 14px\">Sugerencia: La contrase\u00f1a debe ser de al menos doce caracteres. Para hacerla m\u00e1s fuerte usa may\u00fasculas y min\u00fasculas, n\u00fameros y s\u00edmbolos como ! \" ? $ % ^ y ).<\/span>\t\t\t\t<\/div>\n\t\t\t\t\t\t\t\t<div class=\"elementor-field-type-hidden elementor-field-group elementor-column elementor-field-group-key elementor-col-100\">\n\t\t\t\t\t\t\t\t\t\t\t\t\t<input size=\"1\" type=\"hidden\" name=\"form_fields[key]\" id=\"form-field-key\" class=\"elementor-field elementor-size-sm  elementor-field-textual\">\n\t\t\t\t\t\t\t\t\t\t\t<\/div>\n\t\t\t\t\t\t\t\t<div class=\"elementor-field-type-hidden elementor-field-group elementor-column elementor-field-group-user_login elementor-col-100\">\n\t\t\t\t\t\t\t\t\t\t\t\t\t<input size=\"1\" type=\"hidden\" name=\"form_fields[user_login]\" id=\"form-field-user_login\" class=\"elementor-field elementor-size-sm  elementor-field-textual\">\n\t\t\t\t\t\t\t\t\t\t\t<\/div>\n\t\t\t\t\t\t\t\t<div class=\"elementor-field-group elementor-column elementor-field-type-submit elementor-col-100 e-form__buttons\">\n\t\t\t\t\t<button class=\"elementor-button elementor-size-sm\" type=\"submit\">\n\t\t\t\t\t\t<span class=\"elementor-button-content-wrapper\">\n\t\t\t\t\t\t\t\t\t\t\t\t\t\t\t\t\t\t\t\t\t\t<span class=\"elementor-button-text\">Guardar contrase\u00f1a<\/span>\n\t\t\t\t\t\t\t\t\t\t\t\t\t<\/span>\n\t\t\t\t\t<\/button>\n\t\t\t\t<\/div>\n\t\t\t<\/div>\n\t\t<\/form>\n\t\t\t\t\t\t<\/div>\n\t\t\t\t<\/div>\n\t\t\t\t\t<\/div>\n\t\t\t\t<\/div>\n\t\t\t\t<\/div>\n\t\t","protected":false},"excerpt":{"rendered":"","protected":false},"author":1,"featured_media":0,"parent":0,"menu_order":0,"comment_status":"closed","ping_status":"closed","template":"elementor_header_footer","meta":{"footnotes":""},"class_list":["post-946","page","type-page","status-publish","hentry"],"_links":{"self":[{"href":"https:\/\/zbe.tarragona.cat\/es\/wp-json\/wp\/v2\/pages\/946","targetHints":{"allow":["GET"]}}],"collection":[{"href":"https:\/\/zbe.tarragona.cat\/es\/wp-json\/wp\/v2\/pages"}],"about":[{"href":"https:\/\/zbe.tarragona.cat\/es\/wp-json\/wp\/v2\/types\/page"}],"author":[{"embeddable":true,"href":"https:\/\/zbe.tarragona.cat\/es\/wp-json\/wp\/v2\/users\/1"}],"replies":[{"embeddable":true,"href":"https:\/\/zbe.tarragona.cat\/es\/wp-json\/wp\/v2\/comments?post=946"}],"version-history":[{"count":4,"href":"https:\/\/zbe.tarragona.cat\/es\/wp-json\/wp\/v2\/pages\/946\/revisions"}],"predecessor-version":[{"id":951,"href":"https:\/\/zbe.tarragona.cat\/es\/wp-json\/wp\/v2\/pages\/946\/revisions\/951"}],"wp:attachment":[{"href":"https:\/\/zbe.tarragona.cat\/es\/wp-json\/wp\/v2\/media?parent=946"}],"curies":[{"name":"wp","href":"https:\/\/api.w.org\/{rel}","templated":true}]}}